{"id":4,"date":"2019-09-05T08:43:55","date_gmt":"2019-09-05T08:43:55","guid":{"rendered":"https:\/\/temyra.fr\/?page_id=4"},"modified":"2025-12-09T17:43:58","modified_gmt":"2025-12-09T17:43:58","slug":"about","status":"publish","type":"page","link":"https:\/\/temyra.fr\/?page_id=4","title":{"rendered":"\u00c0 Propos"},"content":{"rendered":"<h2>\n<p>\u00c0 Propos<\/p>\n<\/h2>\n<div>\n<p>Bienvenue dans notre boutique cr\u00e9\u00e9e avec une mission simple : offrir \u00e0 chaque femme des pi\u00e8ces qui subliment ses formes et r\u00e9v\u00e8lent sa confiance, que ce soit \u00e0 travers une lingerie d\u00e9licate ou des maillots de bain \u00e9l\u00e9gants.<\/p>\n<\/div>\n<div>\n<div>Temyra<\/div>\n<div>\n<p>Lingerie &amp; maillots de bain<br \/>Pi\u00e8ces styl\u00e9es, ultra-confort et modernes.<\/p>\n<\/div>\n<\/div>\n<div>\n<p>                    <video src=\"\/wp-content\/uploads\/yootheme\/about-03.mp4\"><\/video><\/p>\n<div>Durabilit\u00e9<\/div>\n<p><a href=\"\/?page_id=227\">En Savoir Plus<\/a><\/p>\n<\/div>\n<div>\n<p><span class=\"uk-text-primary\">Lingerie <\/span><\/p>\n<p><span class=\"uk-text-primary\">Maillots de Bain<\/span><\/p>\n<p>Pi\u00e8ces styl\u00e9es,<br \/> Ultra-Confort et Modernes.<\/p>\n<\/div>\n<div>Elodie Saraiva &#8211; Fondatrice<\/div>\n<ul>\n<li>\n<p>        <img decoding=\"async\" src=\"\/wp-content\/uploads\/yootheme\/about-04.svg\" alt=\"\"><\/p>\n<h1>Made In France<\/h1>\n<\/li>\n<li>\n<p>        <img decoding=\"async\" src=\"\/wp-content\/uploads\/yootheme\/about-06.svg\" alt=\"\"><\/p>\n<h1>\u00c9co-Responsables<\/h1>\n<\/li>\n<\/ul>\n<div><a href=\"#\">Temyra<\/a><\/div>\n<ul>\n<li>\n<p>        <img decoding=\"async\" src=\"\/wp-content\/uploads\/yootheme\/about-04.svg\" alt=\"\"><\/p>\n<h3>Made In France<\/h3>\n<\/li>\n<li>\n<p>        <img decoding=\"async\" src=\"\/wp-content\/uploads\/yootheme\/about-05.svg\" alt=\"\"><\/p>\n<h3>Design En France<\/h3>\n<\/li>\n<li>\n<p>        <img decoding=\"async\" src=\"\/wp-content\/uploads\/yootheme\/about-06.svg\" alt=\"\"><\/p>\n<h3>\u00c9co-responsables<\/h3>\n<\/li>\n<\/ul>\n<div><a href=\"#\">TEMYRA<\/a><\/div>\n<div>\n<p>        <img decoding=\"async\" src=\"\/wp-content\/uploads\/yootheme\/about-11.svg\" alt=\"\"><\/p>\n<div>\n<p>Livraison Gratuite<\/p>\n<\/div>\n<p><a href=\"\/?page_id=8#delivery\"><\/a><\/p>\n<\/div>\n<div><a href=\"\/?p=48\">D\u00e9couvrez<br \/>Notre <span class=\"uk-text-primary\">Nouvelle<\/span><br \/>Collection<\/a><\/div>\n<div>\n<p>Temyra<\/p>\n<p>2025<\/p>\n<\/div>\n<div>\n<p>        <img decoding=\"async\" src=\"\/wp-content\/uploads\/yootheme\/about-13.svg\" alt=\"\"><\/p>\n<div>Design<br \/>Fran\u00e7ais<\/div>\n<\/div>\n<div>\n<p>        <img decoding=\"async\" src=\"\/wp-content\/uploads\/yootheme\/about-14.svg\" alt=\"\"><\/p>\n<div>\n<p>Made In France<\/p>\n<\/div>\n<\/div>\n<div>\n<p>        <img decoding=\"async\" src=\"\/wp-content\/uploads\/yootheme\/about-13.svg\" alt=\"\"><\/p>\n<div>Design<br \/>Fran\u00e7ais<\/div>\n<\/div>\n<div>\n<p>        <img decoding=\"async\" src=\"\/wp-content\/uploads\/yootheme\/about-14.svg\" alt=\"\"><\/p>\n<div>\n<p>Made In France<\/p>\n<\/div>\n<\/div>\n<div>\n<p>        <img decoding=\"async\" src=\"\/wp-content\/uploads\/yootheme\/about-15.jpg\" alt=\"\"><\/p>\n<div>Trouve Ton Style<\/div>\n<div>\n<p>Ullamcorper velit sed ullamcorper morbi tincidunt ornare massa. Velit scelerisque in dictum non consectetur a erat nam at. Porttitor eget dolor morbi non arcu. Consectetur lorem donec massa sapien faucibus et molestie. Nulla facilisi nullam vehicula ipsum a arcu. Ornare arcu odio ut sem nulla pharetra diam sit amet.<\/p>\n<\/div>\n<p><a href=\"\/?page_id=245\">En Savoir Plus<\/a><\/p>\n<\/div>\n<p><!--more--><br \/>\n<!-- {\"type\":\"layout\",\"children\":[{\"type\":\"section\",\"props\":{\"id\":\"about\",\"image_position\":\"center-center\",\"padding_remove_bottom\":false,\"padding_remove_horizontal\":false,\"padding_remove_top\":true,\"style\":\"default\",\"title_breakpoint\":\"xl\",\"title_position\":\"top-left\",\"title_rotation\":\"left\",\"vertical_align\":\"\",\"width\":\"expand\"},\"children\":[{\"type\":\"row\",\"props\":{\"margin\":\"large\",\"margin_remove_top\":false},\"children\":[{\"type\":\"column\",\"props\":{\"image_position\":\"center-center\",\"position_sticky_breakpoint\":\"m\"},\"children\":[{\"type\":\"headline\",\"props\":{\"block_align\":\"center\",\"content\":\"\n\n<p><\\\/p>\\n\n\n<p>\\u00c0 Propos<\\\/p>\",\"maxwidth\":\"2xlarge\",\"text_align\":\"center\",\"title_element\":\"h2\"}},{\"type\":\"text\",\"props\":{\"block_align\":\"center\",\"column_breakpoint\":\"m\",\"content\":\"\n\n<p>Bienvenue dans notre boutique cr\\u00e9\\u00e9e avec une mission simple : offrir \\u00e0 chaque femme des pi\\u00e8ces qui subliment ses formes et r\\u00e9v\\u00e8lent sa confiance, que ce soit \\u00e0 travers une lingerie d\\u00e9licate ou des maillots de bain \\u00e9l\\u00e9gants.<\\\/p>\",\"margin\":\"large\",\"margin_remove_bottom\":false,\"margin_remove_top\":true,\"maxwidth\":\"2xlarge\",\"text_align\":\"center\"}}]}]},{\"type\":\"row\",\"props\":{\"column_gap\":\"small\",\"layout\":\"1-3,2-3\",\"margin\":\"remove-vertical\",\"row_gap\":\"small\"},\"children\":[{\"type\":\"column\",\"props\":{\"image_position\":\"center-center\",\"position_sticky_breakpoint\":\"m\",\"width_large\":\"1-3\",\"width_small\":\"1-2\"},\"children\":[{\"type\":\"panel\",\"props\":{\"content\":\"\n\n<p>Lingerie &amp; maillots de bain<br \\\/>Pi\\u00e8ces styl\\u00e9es, ultra-confort et modernes.<\\\/p>\",\"content_column_breakpoint\":\"m\",\"content_style\":\"text-lead\",\"height_expand\":false,\"icon_width\":80,\"image_align\":\"top\",\"image_grid_breakpoint\":\"m\",\"image_grid_width\":\"1-2\",\"image_svg_color\":\"emphasis\",\"link_style\":\"default\",\"link_text\":\"Read more\",\"margin\":\"\",\"margin_remove_bottom\":false,\"meta_align\":\"below-title\",\"meta_element\":\"div\",\"meta_style\":\"text-meta\",\"panel_padding\":\"large\",\"panel_style\":\"tile-muted\",\"text_align\":\"center\",\"title\":\"Temyra\",\"title_align\":\"top\",\"title_element\":\"div\",\"title_grid_breakpoint\":\"m\",\"title_grid_width\":\"1-2\",\"title_hover_style\":\"reset\",\"title_margin\":\"remove\",\"title_style\":\"heading-small\"}},{\"type\":\"overlay\",\"props\":{\"content_expand\":false,\"height_expand\":true,\"image_height\":520,\"image_transition\":\"scale-up\",\"image_width\":814,\"link\":\"?page_id=227\",\"link_style\":\"text\",\"link_text\":\"En Savoir Plus\",\"margin\":\"default\",\"meta_align\":\"below-title\",\"meta_element\":\"div\",\"meta_style\":\"text-meta\",\"overlay_hover\":false,\"overlay_mode\":\"cover\",\"overlay_position\":\"center\",\"overlay_style\":\"\",\"overlay_transition\":\"fade\",\"text_align\":\"center\",\"text_color\":\"light\",\"title\":\"Durabilit\\u00e9\",\"title_element\":\"div\",\"title_hover_style\":\"reset\",\"title_link\":true,\"title_style\":\"h1\",\"video\":\"wp-content\\\/uploads\\\/yootheme\\\/about-03.mp4\"}}]},{\"type\":\"column\",\"props\":{\"image_position\":\"center-center\",\"position_sticky_breakpoint\":\"m\",\"width_large\":\"2-3\",\"width_small\":\"1-2\"},\"children\":[{\"type\":\"fragment\",\"props\":{\"margin\":\"default\"},\"children\":[{\"type\":\"row\",\"props\":{\"column_gap\":\"small\",\"row_gap\":\"small\"},\"children\":[{\"type\":\"column\",\"props\":{\"image\":\"wp-content\\\/uploads\\\/yootheme\\\/about-01.svg\",\"image_position\":\"center-center\",\"image_size\":\"contain\",\"position_sticky_breakpoint\":\"m\",\"style\":\"tile-muted\",\"vertical_align\":\"middle\"},\"children\":[{\"type\":\"headline\",\"props\":{\"block_align\":\"center\",\"content\":\"\n\n<p><span class=\\\"uk-text-primary\\\">Lingerie <\\\/span><\\\/p>\\n\n\n<p><span class=\\\"uk-text-primary\\\">Maillots de Bain<\\\/span><\\\/p>\\n\n\n<p>Pi\\u00e8ces styl\\u00e9es,<br \/> Ultra-Confort et Modernes.<\\\/p>\",\"maxwidth\":\"large\",\"text_align\":\"center\",\"title_element\":\"div\",\"title_style\":\"h2\"}},{\"type\":\"text\",\"props\":{\"column_breakpoint\":\"m\",\"content\":\"Elodie Saraiva - Fondatrice\",\"margin\":\"medium\",\"text_align\":\"center\"}}]}]},{\"type\":\"row\",\"props\":{\"column_gap\":\"small\",\"layout\":\"1-2,1-2\",\"row_gap\":\"small\"},\"children\":[{\"type\":\"column\",\"props\":{\"image_position\":\"center-center\",\"position_sticky_breakpoint\":\"m\",\"style\":\"tile-muted\",\"width_medium\":\"1-2\"},\"children\":[{\"type\":\"grid\",\"props\":{\"content\":\"Know the<br \/>Team\",\"content_column_breakpoint\":\"m\",\"filter_align\":\"left\",\"filter_all\":true,\"filter_grid_breakpoint\":\"m\",\"filter_grid_width\":\"auto\",\"filter_position\":\"top\",\"filter_style\":\"tab\",\"grid_column_align\":true,\"grid_column_gap\":\"medium\",\"grid_default\":\"auto\",\"grid_divider\":false,\"grid_medium\":\"\",\"grid_parallax_justify\":false,\"grid_row_align\":true,\"icon_width\":80,\"image_align\":\"top\",\"image_grid_breakpoint\":\"m\",\"image_grid_width\":\"1-2\",\"image_svg_color\":\"emphasis\",\"image_svg_inline\":true,\"item_animation\":true,\"lightbox_bg_close\":true,\"link_style\":\"default\",\"link_text\":\"Read more\",\"margin\":\"\",\"meta_align\":\"below-title\",\"meta_element\":\"div\",\"meta_style\":\"text-meta\",\"show_content\":true,\"show_hover_image\":true,\"show_hover_video\":true,\"show_image\":true,\"show_link\":true,\"show_meta\":true,\"show_title\":true,\"show_video\":true,\"text_align\":\"center\",\"title_align\":\"top\",\"title_element\":\"h1\",\"title_grid_breakpoint\":\"m\",\"title_grid_width\":\"1-2\",\"title_hover_style\":\"reset\",\"title_style\":\"h2\",\"visibility\":\"l\"},\"children\":[{\"type\":\"grid_item\",\"props\":{\"image\":\"wp-content\\\/uploads\\\/yootheme\\\/about-04.svg\",\"title\":\"Made In France\"}},{\"type\":\"grid_item\",\"props\":{\"image\":\"wp-content\\\/uploads\\\/yootheme\\\/about-06.svg\",\"title\":\"\\u00c9co-Responsables\"}}]}]},{\"type\":\"column\",\"props\":{\"image_height\":\"500\",\"image_position\":\"center-center\",\"image_width\":\"700\",\"media_focal_point\":\"top-center\",\"position_sticky_breakpoint\":\"m\",\"style\":\"tile-muted\",\"text_color\":\"light\",\"vertical_align\":\"middle\",\"width_medium\":\"1-2\"},\"children\":[{\"type\":\"headline\",\"props\":{\"content\":\"Temyra\",\"link\":\"#\",\"margin\":\"default\",\"text_align\":\"center\",\"title_color\":\"background\",\"title_element\":\"div\",\"title_style\":\"heading-small\",\"visibility\":\"l\"}}]}]}]}]}]},{\"type\":\"row\",\"props\":{\"column_gap\":\"small\",\"layout\":\"1-2,1-2\",\"row_gap\":\"small\"},\"children\":[{\"type\":\"column\",\"props\":{\"image_position\":\"center-center\",\"position_sticky_breakpoint\":\"m\",\"style\":\"tile-muted\",\"width_small\":\"1-2\"},\"children\":[{\"type\":\"panel-slider\",\"props\":{\"content\":\"Know the<br \/>Team\",\"content_column_breakpoint\":\"m\",\"icon_width\":80,\"image_align\":\"top\",\"image_grid_breakpoint\":\"m\",\"image_grid_width\":\"1-2\",\"image_svg_color\":\"emphasis\",\"image_svg_inline\":true,\"link_style\":\"default\",\"link_text\":\"Read more\",\"margin\":\"default\",\"meta_align\":\"below-title\",\"meta_element\":\"div\",\"meta_style\":\"text-meta\",\"nav\":\"\",\"nav_align\":\"center\",\"nav_breakpoint\":\"s\",\"panel_match\":true,\"show_content\":true,\"show_hover_image\":true,\"show_hover_video\":true,\"show_image\":true,\"show_link\":true,\"show_meta\":true,\"show_title\":true,\"show_video\":true,\"slidenav\":\"outside\",\"slidenav_breakpoint\":\"xl\",\"slidenav_margin\":\"medium\",\"slidenav_outside_breakpoint\":\"xl\",\"slider_autoplay\":true,\"slider_autoplay_interval\":\"4\",\"slider_autoplay_pause\":true,\"slider_divider\":false,\"slider_gap\":\"default\",\"slider_parallax\":false,\"slider_width\":\"fixed\",\"slider_width_default\":\"1-1\",\"slider_width_medium\":\"\",\"text_align\":\"center\",\"title_align\":\"top\",\"title_element\":\"h3\",\"title_grid_breakpoint\":\"m\",\"title_grid_width\":\"1-2\",\"title_hover_style\":\"reset\",\"visibility\":\"hidden-l\"},\"children\":[{\"type\":\"panel-slider_item\",\"props\":{\"image\":\"wp-content\\\/uploads\\\/yootheme\\\/about-04.svg\",\"title\":\"Made In France\"}},{\"type\":\"panel-slider_item\",\"props\":{\"image\":\"wp-content\\\/uploads\\\/yootheme\\\/about-05.svg\",\"title\":\"Design En France\"}},{\"type\":\"panel-slider_item\",\"props\":{\"image\":\"wp-content\\\/uploads\\\/yootheme\\\/about-06.svg\",\"title\":\"\\u00c9co-responsables\"}}]}]},{\"type\":\"column\",\"props\":{\"image_height\":\"500\",\"image_position\":\"center-center\",\"image_width\":\"700\",\"media_focal_point\":\"top-center\",\"position_sticky_breakpoint\":\"m\",\"style\":\"tile-muted\",\"text_color\":\"light\",\"vertical_align\":\"middle\",\"width_small\":\"1-2\"},\"children\":[{\"type\":\"headline\",\"props\":{\"content\":\"TEMYRA\",\"link\":\"#\",\"margin\":\"default\",\"text_align\":\"center\",\"title_color\":\"background\",\"title_element\":\"div\",\"title_style\":\"heading-small\",\"visibility\":\"hidden-l\"}}]}]},{\"type\":\"row\",\"props\":{\"column_gap\":\"small\",\"layout\":\"1-4,1-4,1-4,1-4|1-2,1-2,1-2,1-2\",\"row_gap\":\"small\"},\"children\":[{\"type\":\"column\",\"props\":{\"image_position\":\"center-center\",\"padding\":\"small\",\"position_sticky_breakpoint\":\"m\",\"vertical_align\":\"bottom\",\"width_large\":\"1-3\",\"width_small\":\"1-2\",\"width_xlarge\":\"1-4\"},\"children\":[{\"type\":\"panel\",\"props\":{\"content\":\"\n\n<p>Livraison Gratuite<\\\/p>\",\"content_column_breakpoint\":\"m\",\"content_style\":\"h3\",\"height_expand\":true,\"icon_width\":80,\"image\":\"wp-content\\\/uploads\\\/yootheme\\\/about-11.svg\",\"image_align\":\"top\",\"image_grid_breakpoint\":\"m\",\"image_grid_width\":\"auto\",\"image_link\":true,\"image_svg_animate\":false,\"image_svg_color\":\"\",\"image_svg_inline\":true,\"image_transition_border\":false,\"image_vertical_align\":true,\"link\":\"?page_id=8#delivery\",\"link_style\":\"default\",\"link_text\":\"\",\"margin\":\"remove-vertical\",\"meta\":\"\",\"meta_align\":\"below-title\",\"meta_element\":\"div\",\"meta_style\":\"h3\",\"panel_expand\":\"image\",\"panel_image_no_padding\":true,\"panel_padding\":\"default\",\"panel_style\":\"tile-muted\",\"text_align\":\"left\",\"title\":\"\",\"title_align\":\"top\",\"title_element\":\"div\",\"title_grid_breakpoint\":\"m\",\"title_grid_width\":\"auto\",\"title_hover_style\":\"reset\",\"title_style\":\"h1\"}}]},{\"type\":\"column\",\"props\":{\"image_position\":\"center-center\",\"padding\":\"small\",\"position_sticky_breakpoint\":\"m\",\"style\":\"tile-muted\",\"vertical_align\":\"middle\",\"width_large\":\"1-3\",\"width_small\":\"1-2\",\"width_xlarge\":\"1-4\"},\"children\":[{\"type\":\"headline\",\"props\":{\"content\":\"D\\u00e9couvrez<br \\\/>Notre <span class=\\\"uk-text-primary\\\">Nouvelle<\\\/span><br \\\/>Collection\",\"link\":\"?p=48\",\"text_align\":\"center\",\"title_element\":\"div\",\"title_style\":\"h2\"}}]},{\"type\":\"column\",\"props\":{\"image_position\":\"center-center\",\"padding\":\"xlarge\",\"position_sticky_breakpoint\":\"m\",\"style\":\"tile-muted\",\"text_color\":\"light\",\"vertical_align\":\"middle\",\"video\":\"wp-content\\\/uploads\\\/yootheme\\\/about-12.mp4\",\"width_large\":\"1-3\",\"width_small\":\"1-2\",\"width_xlarge\":\"1-4\"},\"children\":[{\"type\":\"headline\",\"props\":{\"content\":\"\n\n<p>Temyra<\\\/p>\\n\n\n<p>2025<\\\/p>\",\"link_style\":false,\"text_align\":\"center\",\"title_element\":\"div\",\"title_style\":\"h2\"}}]},{\"type\":\"column\",\"props\":{\"image_position\":\"center-center\",\"position_sticky_breakpoint\":\"m\",\"width_small\":\"1-2\",\"width_xlarge\":\"1-4\"},\"children\":[{\"type\":\"panel\",\"props\":{\"content_column_breakpoint\":\"m\",\"height_expand\":false,\"icon_width\":80,\"image\":\"wp-content\\\/uploads\\\/yootheme\\\/about-13.svg\",\"image_align\":\"left\",\"image_focal_point\":\"top-right\",\"image_grid_breakpoint\":\"\",\"image_grid_width\":\"1-2\",\"image_link\":true,\"image_svg_color\":\"emphasis\",\"image_svg_inline\":false,\"image_transition_border\":false,\"image_vertical_align\":true,\"link_margin\":\"large\",\"link_style\":\"text\",\"link_text\":\"Read More\",\"margin\":\"remove-vertical\",\"meta\":\"\",\"meta_align\":\"below-title\",\"meta_element\":\"div\",\"meta_style\":\"h3\",\"panel_expand\":\"image\",\"panel_image_no_padding\":true,\"panel_link\":false,\"panel_padding\":\"default\",\"panel_style\":\"tile-muted\",\"text_align\":\"right\",\"title\":\"Design<br \/>Fran\\u00e7ais\",\"title_align\":\"top\",\"title_element\":\"div\",\"title_grid_breakpoint\":\"m\",\"title_grid_width\":\"auto\",\"title_hover_style\":\"reset\",\"title_link\":true,\"title_style\":\"h4\",\"visibility\":\"xl\"}},{\"type\":\"panel\",\"props\":{\"content\":\"\n\n<p>Made In France<\\\/p>\",\"content_align\":false,\"content_column_breakpoint\":\"m\",\"content_style\":\"h4\",\"height_expand\":true,\"icon_width\":80,\"image\":\"wp-content\\\/uploads\\\/yootheme\\\/about-14.svg\",\"image_align\":\"right\",\"image_grid_breakpoint\":\"\",\"image_grid_column_gap\":\"collapse\",\"image_grid_width\":\"1-2\",\"image_link\":true,\"image_svg_color\":\"emphasis\",\"image_svg_inline\":true,\"image_transition_border\":false,\"image_vertical_align\":true,\"link_style\":\"text\",\"link_text\":\"\",\"margin\":\"small\",\"meta\":\"\",\"meta_align\":\"below-title\",\"meta_element\":\"div\",\"meta_style\":\"h4\",\"panel_expand\":\"content\",\"panel_image_no_padding\":false,\"panel_link\":false,\"panel_padding\":\"default\",\"panel_style\":\"tile-muted\",\"title\":\"\",\"title_align\":\"top\",\"title_element\":\"div\",\"title_grid_breakpoint\":\"m\",\"title_grid_width\":\"auto\",\"title_hover_style\":\"reset\",\"title_link\":true,\"title_style\":\"h1\",\"visibility\":\"xl\"}}]}]},{\"type\":\"row\",\"props\":{\"column_gap\":\"small\",\"layout\":\"1-2,1-2\",\"row_gap\":\"small\"},\"children\":[{\"type\":\"column\",\"props\":{\"image_position\":\"center-center\",\"position_sticky_breakpoint\":\"m\",\"width_medium\":\"1-2\"},\"children\":[{\"type\":\"panel\",\"props\":{\"content_column_breakpoint\":\"m\",\"height_expand\":true,\"icon_width\":80,\"image\":\"wp-content\\\/uploads\\\/yootheme\\\/about-13.svg\",\"image_align\":\"right\",\"image_grid_breakpoint\":\"\",\"image_grid_width\":\"auto\",\"image_link\":true,\"image_svg_color\":\"emphasis\",\"image_svg_inline\":false,\"image_transition_border\":false,\"image_vertical_align\":true,\"link_margin\":\"large\",\"link_style\":\"text\",\"link_text\":\"Read More\",\"margin\":\"remove-vertical\",\"meta\":\"\",\"meta_align\":\"below-title\",\"meta_element\":\"div\",\"meta_style\":\"h3\",\"panel_expand\":\"image\",\"panel_image_no_padding\":true,\"panel_link\":false,\"panel_padding\":\"default\",\"panel_style\":\"tile-muted\",\"title\":\"Design<br \/>Fran\\u00e7ais\",\"title_align\":\"top\",\"title_element\":\"div\",\"title_grid_breakpoint\":\"m\",\"title_grid_width\":\"auto\",\"title_hover_style\":\"reset\",\"title_link\":true,\"title_style\":\"h4\",\"visibility\":\"hidden-xl\"}}]},{\"type\":\"column\",\"props\":{\"image_position\":\"center-center\",\"position_sticky_breakpoint\":\"m\",\"width_medium\":\"1-2\"},\"children\":[{\"type\":\"panel\",\"props\":{\"content\":\"\n\n<p>Made In France<\\\/p>\",\"content_align\":false,\"content_column_breakpoint\":\"m\",\"content_style\":\"h4\",\"height_expand\":true,\"icon_width\":80,\"image\":\"wp-content\\\/uploads\\\/yootheme\\\/about-14.svg\",\"image_align\":\"right\",\"image_grid_breakpoint\":\"\",\"image_grid_column_gap\":\"collapse\",\"image_grid_width\":\"1-2\",\"image_link\":true,\"image_svg_color\":\"emphasis\",\"image_svg_inline\":true,\"image_transition_border\":false,\"image_vertical_align\":true,\"link_style\":\"text\",\"link_text\":\"\",\"margin\":\"small\",\"meta\":\"\",\"meta_align\":\"below-title\",\"meta_element\":\"div\",\"meta_style\":\"h4\",\"panel_expand\":\"image\",\"panel_image_no_padding\":true,\"panel_link\":false,\"panel_padding\":\"default\",\"panel_style\":\"tile-muted\",\"title\":\"\",\"title_align\":\"top\",\"title_element\":\"div\",\"title_grid_breakpoint\":\"m\",\"title_grid_width\":\"auto\",\"title_hover_style\":\"reset\",\"title_link\":true,\"title_style\":\"h1\",\"visibility\":\"hidden-xl\"}}]}]},{\"type\":\"row\",\"children\":[{\"type\":\"column\",\"props\":{\"image_position\":\"center-center\",\"position_sticky_breakpoint\":\"m\"},\"children\":[{\"type\":\"panel\",\"props\":{\"content\":\"\n\n<p>Ullamcorper velit sed ullamcorper morbi tincidunt ornare massa. Velit scelerisque in dictum non consectetur a erat nam at. Porttitor eget dolor morbi non arcu. Consectetur lorem donec massa sapien faucibus et molestie. Nulla facilisi nullam vehicula ipsum a arcu. Ornare arcu odio ut sem nulla pharetra diam sit amet.<\\\/p>\",\"content_column_breakpoint\":\"m\",\"content_margin\":\"medium\",\"icon_width\":80,\"image\":\"wp-content\\\/uploads\\\/yootheme\\\/about-15.jpg\",\"image_align\":\"right\",\"image_grid_breakpoint\":\"m\",\"image_grid_width\":\"2-3\",\"image_svg_color\":\"emphasis\",\"image_vertical_align\":true,\"image_width\":\"1650\",\"link\":\"?page_id=245\",\"link_margin\":\"large\",\"link_style\":\"text\",\"link_text\":\"En Savoir Plus\",\"margin\":\"medium\",\"meta\":\"\",\"meta_align\":\"below-title\",\"meta_element\":\"div\",\"meta_style\":\"text-meta\",\"panel_expand\":\"image\",\"panel_image_no_padding\":true,\"panel_padding\":\"large\",\"panel_style\":\"card-default\",\"text_align\":\"left\",\"title\":\"Trouve Ton Style\",\"title_align\":\"top\",\"title_element\":\"div\",\"title_grid_breakpoint\":\"m\",\"title_grid_width\":\"1-2\",\"title_hover_style\":\"reset\",\"title_style\":\"h2\"}}]}],\"props\":{\"row_gap\":\"small\"}}],\"name\":\"About\"}],\"version\":\"4.5.21\"} --><\/p>\n","protected":false},"excerpt":{"rendered":"<p>\u00c0 Propos Bienvenue dans notre boutique cr\u00e9\u00e9e avec une mission simple : offrir \u00e0 chaque femme des pi\u00e8ces qui subliment ses formes et r\u00e9v\u00e8lent sa confiance, que ce soit \u00e0 travers une lingerie d\u00e9licate ou des maillots de bain \u00e9l\u00e9gants. Temyra Lingerie &amp; maillots de bainPi\u00e8ces styl\u00e9es, ultra-confort et modernes. Durabilit\u00e9 En Savoir Plus Lingerie [&hellip;]<\/p>\n","protected":false},"author":1,"featured_media":0,"parent":0,"menu_order":12,"comment_status":"closed","ping_status":"closed","template":"","meta":{"_acf_changed":false,"footnotes":""},"class_list":["post-4","page","type-page","status-publish","hentry"],"acf":[],"_links":{"self":[{"href":"https:\/\/temyra.fr\/index.php?rest_route=\/wp\/v2\/pages\/4","targetHints":{"allow":["GET"]}}],"collection":[{"href":"https:\/\/temyra.fr\/index.php?rest_route=\/wp\/v2\/pages"}],"about":[{"href":"https:\/\/temyra.fr\/index.php?rest_route=\/wp\/v2\/types\/page"}],"author":[{"embeddable":true,"href":"https:\/\/temyra.fr\/index.php?rest_route=\/wp\/v2\/users\/1"}],"replies":[{"embeddable":true,"href":"https:\/\/temyra.fr\/index.php?rest_route=%2Fwp%2Fv2%2Fcomments&post=4"}],"version-history":[{"count":48,"href":"https:\/\/temyra.fr\/index.php?rest_route=\/wp\/v2\/pages\/4\/revisions"}],"predecessor-version":[{"id":3349,"href":"https:\/\/temyra.fr\/index.php?rest_route=\/wp\/v2\/pages\/4\/revisions\/3349"}],"wp:attachment":[{"href":"https:\/\/temyra.fr\/index.php?rest_route=%2Fwp%2Fv2%2Fmedia&parent=4"}],"curies":[{"name":"wp","href":"https:\/\/api.w.org\/{rel}","templated":true}]}}