{"id":187,"date":"2023-12-08T09:00:00","date_gmt":"2023-12-08T09:00:00","guid":{"rendered":"https:\/\/temyra.fr\/?p=187"},"modified":"2025-12-14T19:13:15","modified_gmt":"2025-12-14T19:13:15","slug":"black-oversized-blouse","status":"publish","type":"product","link":"https:\/\/temyra.fr\/?product=black-oversized-blouse","title":{"rendered":"Gis\u00e8le"},"content":{"rendered":"<p>Une teinte douce et naturelle, parfaite pour sublimer toutes les carnations avec \u00e9l\u00e9gance et discr\u00e9tion<\/p>\n","protected":false},"excerpt":{"rendered":"<p>Une teinte douce et naturelle, parfaite pour sublimer toutes les carnations avec \u00e9l\u00e9gance et discr\u00e9tion.<\/p>\n","protected":false},"featured_media":3356,"comment_status":"open","ping_status":"closed","template":"","meta":{"_acf_changed":false},"product_brand":[],"product_cat":[23,141],"product_tag":[],"class_list":{"0":"post-187","1":"product","2":"type-product","3":"status-publish","4":"has-post-thumbnail","6":"product_cat-femme","7":"product_cat-maillots-bain","9":"first","10":"instock","11":"taxable","12":"shipping-taxable","13":"purchasable","14":"product-type-variable"},"acf":[],"_links":{"self":[{"href":"https:\/\/temyra.fr\/index.php?rest_route=\/wp\/v2\/product\/187","targetHints":{"allow":["GET"]}}],"collection":[{"href":"https:\/\/temyra.fr\/index.php?rest_route=\/wp\/v2\/product"}],"about":[{"href":"https:\/\/temyra.fr\/index.php?rest_route=\/wp\/v2\/types\/product"}],"replies":[{"embeddable":true,"href":"https:\/\/temyra.fr\/index.php?rest_route=%2Fwp%2Fv2%2Fcomments&post=187"}],"wp:featuredmedia":[{"embeddable":true,"href":"https:\/\/temyra.fr\/index.php?rest_route=\/wp\/v2\/media\/3356"}],"wp:attachment":[{"href":"https:\/\/temyra.fr\/index.php?rest_route=%2Fwp%2Fv2%2Fmedia&parent=187"}],"wp:term":[{"taxonomy":"product_brand","embeddable":true,"href":"https:\/\/temyra.fr\/index.php?rest_route=%2Fwp%2Fv2%2Fproduct_brand&post=187"},{"taxonomy":"product_cat","embeddable":true,"href":"https:\/\/temyra.fr\/index.php?rest_route=%2Fwp%2Fv2%2Fproduct_cat&post=187"},{"taxonomy":"product_tag","embeddable":true,"href":"https:\/\/temyra.fr\/index.php?rest_route=%2Fwp%2Fv2%2Fproduct_tag&post=187"}],"curies":[{"name":"wp","href":"https:\/\/api.w.org\/{rel}","templated":true}]}}